{"id":1307,"date":"2021-08-18T12:34:50","date_gmt":"2021-08-18T15:34:50","guid":{"rendered":"https:\/\/zulmaprina.com.ar\/web\/?page_id=1307"},"modified":"2021-08-18T12:39:41","modified_gmt":"2021-08-18T15:39:41","slug":"radio-2","status":"publish","type":"page","link":"https:\/\/zulmaprina.com.ar\/web\/radio-2\/","title":{"rendered":"RADIO"},"content":{"rendered":"\t\t<div data-elementor-type=\"wp-page\" data-elementor-id=\"1307\" class=\"elementor elementor-1307\">\n\t\t\t\t\t\t<section class=\"elementor-section elementor-top-section elementor-element elementor-element-1d66e30 elementor-section-boxed elementor-section-height-default elementor-section-height-default\" data-id=\"1d66e30\" data-element_type=\"section\" data-e-type=\"section\">\n\t\t\t\t\t\t<div class=\"elementor-container elementor-column-gap-default\">\n\t\t\t\t\t<div class=\"elementor-column elementor-col-100 elementor-top-column elementor-element elementor-element-9ac7159\" data-id=\"9ac7159\" data-element_type=\"column\" data-e-type=\"column\">\n\t\t\t<div class=\"elementor-widget-wrap elementor-element-populated\">\n\t\t\t\t\t\t<div class=\"elementor-element elementor-element-c61be44 elementor-widget elementor-widget-heading\" data-id=\"c61be44\" data-element_type=\"widget\" data-e-type=\"widget\" data-widget_type=\"heading.default\">\n\t\t\t\t<div class=\"elementor-widget-container\">\n\t\t\t\t\t<h2 class=\"elementor-heading-title elementor-size-default\">              Una mirada en el tiempo en Radio Onda Latina AM 1010<\/h2>\t\t\t\t<\/div>\n\t\t\t\t<\/div>\n\t\t\t\t<section class=\"elementor-section elementor-inner-section elementor-element elementor-element-bd2a9e7 elementor-section-boxed elementor-section-height-default elementor-section-height-default\" data-id=\"bd2a9e7\" data-element_type=\"section\" data-e-type=\"section\">\n\t\t\t\t\t\t<div class=\"elementor-container elementor-column-gap-default\">\n\t\t\t\t\t<div class=\"elementor-column elementor-col-33 elementor-inner-column elementor-element elementor-element-d56141e\" data-id=\"d56141e\" data-element_type=\"column\" data-e-type=\"column\">\n\t\t\t<div class=\"elementor-widget-wrap\">\n\t\t\t\t\t\t\t<\/div>\n\t\t<\/div>\n\t\t\t\t<div class=\"elementor-column elementor-col-33 elementor-inner-column elementor-element elementor-element-8afb353\" data-id=\"8afb353\" data-element_type=\"column\" data-e-type=\"column\">\n\t\t\t<div class=\"elementor-widget-wrap elementor-element-populated\">\n\t\t\t\t\t\t<div class=\"elementor-element elementor-element-dfe8bd2 elementor-widget elementor-widget-video\" data-id=\"dfe8bd2\" data-element_type=\"widget\" data-e-type=\"widget\" data-settings=\"{&quot;youtube_url&quot;:&quot;https:\\\/\\\/youtu.be\\\/V8EdeXaaLxc&quot;,&quot;video_type&quot;:&quot;youtube&quot;,&quot;controls&quot;:&quot;yes&quot;}\" data-widget_type=\"video.default\">\n\t\t\t\t<div class=\"elementor-widget-container\">\n\t\t\t\t\t\t\t<div class=\"elementor-wrapper elementor-open-inline\">\n\t\t\t<div class=\"elementor-video\"><\/div>\t\t<\/div>\n\t\t\t\t\t\t<\/div>\n\t\t\t\t<\/div>\n\t\t\t\t\t<\/div>\n\t\t<\/div>\n\t\t\t\t<div class=\"elementor-column elementor-col-33 elementor-inner-column elementor-element elementor-element-c21a115\" data-id=\"c21a115\" data-element_type=\"column\" data-e-type=\"column\">\n\t\t\t<div class=\"elementor-widget-wrap\">\n\t\t\t\t\t\t\t<\/div>\n\t\t<\/div>\n\t\t\t\t\t<\/div>\n\t\t<\/section>\n\t\t\t\t<div class=\"elementor-element elementor-element-3f7accd elementor-widget elementor-widget-text-editor\" data-id=\"3f7accd\" data-element_type=\"widget\" data-e-type=\"widget\" data-widget_type=\"text-editor.default\">\n\t\t\t\t<div class=\"elementor-widget-container\">\n\t\t\t\t\t\t\t\t\t<p><strong>Antropolog\u00eda. Diversas culturas.\u00a0<\/strong>Es interesante dar una mirada hacia los pueblos de Am\u00e9rica y algunos trazos de su historia. Por tal motivo invitamos a la Dra. Claudia Forgione, antrop\u00f3loga, para que nos cuente sobre los pueblos originarios y temas relacionados.<\/p><p>Cuidamos los desarrollos en \u00a0\u00a0\u00a0\u00a0\u00a0\u00a0 \u00a0<a href=\"http:\/\/enciclopediaradial.blogspot.com\/\">http:\/\/enciclopediaradial.blogspot.com\/<\/a><\/p><p>con varias entradas(ver\/escuchar) sobre la conquista y colonizaci\u00f3n<\/p><p><a href=\"http:\/\/youtu.be\/ldWCnZSQoyk\"><strong>P<\/strong>ueblos originarios:\u00a0\u00a0\u00a0\u00a0\u00a0\u00a0\u00a0\u00a0\u00a0\u00a0\u00a0\u00a0\u00a0\u00a0\u00a0\u00a0\u00a0\u00a0\u00a0\u00a0\u00a0 \u00a0<\/a><a href=\"http:\/\/youtu.be\/ldWCnZSQoyk\">\u00a014-02-13<\/a><\/p><p><a href=\"https:\/\/youtu.be\/KPz4o9QtHdA\"><strong>P<\/strong>ueblos originarios \u00a0<\/a>\u00a0\u00a0\u00a0\u00a0\u00a0\u00a0\u00a0\u00a0\u00a0\u00a0\u00a0\u00a0\u00a0\u00a0\u00a0<a href=\"https:\/\/youtu.be\/KPz4o9QtHdA\">17-09-15<\/a><\/p><p>Crist\u00f3bal <strong>COL\u00d3N<\/strong>\u00a0 \u00a0\u00a0\u00a0\u00a0\u00a0\u00a0\u00a0\u00a0\u00a0\u00a0\u00a0\u00a0\u00a0\u00a0\u00a0\u00a012-10-15<\/p><p>Fray Bartolom\u00e9 <strong>de las CASAS\u00a0 <\/strong>24-08-17<\/p><p><strong>El equipo los saluda:\u00a0<\/strong> Zulma Prina, Marta Dragani, Claudio Rabinovitch y Carlos Pensa en el aire; Mart\u00edn Enr\u00edquez: t\u00e9cnico operativo \u00a0\u00a0\u00a0 y Ezequiel Lacognata: im\u00e1genes.<\/p><p>\u00a0<\/p>\t\t\t\t\t\t\t\t<\/div>\n\t\t\t\t<\/div>\n\t\t\t\t\t<\/div>\n\t\t<\/div>\n\t\t\t\t\t<\/div>\n\t\t<\/section>\n\t\t\t\t<\/div>\n\t\t","protected":false},"excerpt":{"rendered":"<p>Una mirada en el tiempo en Radio Onda Latina AM 1010 https:\/\/youtu.be\/V8EdeXaaLxc Antropolog\u00eda. Diversas culturas.\u00a0Es interesante dar una mirada hacia los pueblos de Am\u00e9rica y algunos trazos de su historia. Por tal motivo invitamos a la Dra. Claudia Forgione, antrop\u00f3loga, para que nos cuente sobre los pueblos originarios y temas relacionados. Cuidamos los desarrollos en [&hellip;]<\/p>\n","protected":false},"author":1,"featured_media":0,"parent":0,"menu_order":0,"comment_status":"closed","ping_status":"closed","template":"","meta":{"footnotes":""},"class_list":["post-1307","page","type-page","status-publish","hentry"],"_links":{"self":[{"href":"https:\/\/zulmaprina.com.ar\/web\/wp-json\/wp\/v2\/pages\/1307","targetHints":{"allow":["GET"]}}],"collection":[{"href":"https:\/\/zulmaprina.com.ar\/web\/wp-json\/wp\/v2\/pages"}],"about":[{"href":"https:\/\/zulmaprina.com.ar\/web\/wp-json\/wp\/v2\/types\/page"}],"author":[{"embeddable":true,"href":"https:\/\/zulmaprina.com.ar\/web\/wp-json\/wp\/v2\/users\/1"}],"replies":[{"embeddable":true,"href":"https:\/\/zulmaprina.com.ar\/web\/wp-json\/wp\/v2\/comments?post=1307"}],"version-history":[{"count":4,"href":"https:\/\/zulmaprina.com.ar\/web\/wp-json\/wp\/v2\/pages\/1307\/revisions"}],"predecessor-version":[{"id":1311,"href":"https:\/\/zulmaprina.com.ar\/web\/wp-json\/wp\/v2\/pages\/1307\/revisions\/1311"}],"wp:attachment":[{"href":"https:\/\/zulmaprina.com.ar\/web\/wp-json\/wp\/v2\/media?parent=1307"}],"curies":[{"name":"wp","href":"https:\/\/api.w.org\/{rel}","templated":true}]}}