{"id":138,"date":"2018-06-27T18:11:44","date_gmt":"2018-06-27T21:11:44","guid":{"rendered":"http:\/\/zulmaprina.com.ar\/web\/?page_id=138"},"modified":"2025-12-15T11:20:42","modified_gmt":"2025-12-15T14:20:42","slug":"la-educacion-artistica-y-la-cultura-del-silencio","status":"publish","type":"page","link":"https:\/\/zulmaprina.com.ar\/web\/escritura\/la-educacion-artistica-y-la-cultura-del-silencio\/","title":{"rendered":"La educaci\u00f3n art\u00edstica  y la cultura del silencio"},"content":{"rendered":"<p class=\"font_8\">Introducci\u00f3n:<\/p>\n<p class=\"font_8\">El hombre posee infinitos sistemas para hacerse entender y para exteriorizar sus emociones. El cuerpo, en su totalidad, es el hilo conductor; cada parte del cuerpo es una fracci\u00f3n del ser que a\u00fan no hemos terminado de explorar. Y crecer es darle posibilidades a nuestro representante material, para que se afirme en el proceso \u00faltimo de la existencia.<\/p>\n<p class=\"font_8\">El arte es esencial para el desarrollo de la personalidad. Visto desde el sujeto, es la aptitud para hacer alguna cosa; visto desde el objeto, es aquello que se hace, es la obra misma. Como quehacer est\u00e1 en el esp\u00edritu, en el intelecto, en la voluntad y en la afectividad. Seg\u00fan Arist\u00f3teles, es un saber que va m\u00e1s all\u00e1 de lo meramente emp\u00edrico.<\/p>\n<p class=\"font_8\">Si crecemos en esta concepci\u00f3n de vida, nosotros, como unidad indivisible, tendremos la posibilidad de enriquecernos y trabajar por una mejor calidad de vida. Lo que se logra elevando nuestra condici\u00f3n humana.<\/p>\n<h2><a href=\"https:\/\/zulmaprina.com.ar\/web\/Material\/La_educacion_artistica_y_la_cultura.pdf\">DESCARGAR ART\u00cdCULO PDF<\/a><\/h2>\n","protected":false},"excerpt":{"rendered":"<p>Introducci\u00f3n: El hombre posee infinitos sistemas para hacerse entender y para exteriorizar sus emociones. El cuerpo, en su totalidad, es el hilo conductor; cada parte del cuerpo es una fracci\u00f3n del ser que a\u00fan no hemos terminado de explorar. Y crecer es darle posibilidades a nuestro representante material, para que se afirme en el proceso [&hellip;]<\/p>\n","protected":false},"author":1,"featured_media":0,"parent":8,"menu_order":0,"comment_status":"closed","ping_status":"closed","template":"","meta":{"footnotes":""},"class_list":["post-138","page","type-page","status-publish","hentry"],"_links":{"self":[{"href":"https:\/\/zulmaprina.com.ar\/web\/wp-json\/wp\/v2\/pages\/138","targetHints":{"allow":["GET"]}}],"collection":[{"href":"https:\/\/zulmaprina.com.ar\/web\/wp-json\/wp\/v2\/pages"}],"about":[{"href":"https:\/\/zulmaprina.com.ar\/web\/wp-json\/wp\/v2\/types\/page"}],"author":[{"embeddable":true,"href":"https:\/\/zulmaprina.com.ar\/web\/wp-json\/wp\/v2\/users\/1"}],"replies":[{"embeddable":true,"href":"https:\/\/zulmaprina.com.ar\/web\/wp-json\/wp\/v2\/comments?post=138"}],"version-history":[{"count":2,"href":"https:\/\/zulmaprina.com.ar\/web\/wp-json\/wp\/v2\/pages\/138\/revisions"}],"predecessor-version":[{"id":1851,"href":"https:\/\/zulmaprina.com.ar\/web\/wp-json\/wp\/v2\/pages\/138\/revisions\/1851"}],"up":[{"embeddable":true,"href":"https:\/\/zulmaprina.com.ar\/web\/wp-json\/wp\/v2\/pages\/8"}],"wp:attachment":[{"href":"https:\/\/zulmaprina.com.ar\/web\/wp-json\/wp\/v2\/media?parent=138"}],"curies":[{"name":"wp","href":"https:\/\/api.w.org\/{rel}","templated":true}]}}