{"id":1434,"date":"2022-02-14T14:10:03","date_gmt":"2022-02-14T17:10:03","guid":{"rendered":"https:\/\/zulmaprina.com.ar\/web\/?page_id=1434"},"modified":"2022-02-14T14:45:22","modified_gmt":"2022-02-14T17:45:22","slug":"papeles-en-blanco-poemas-nuevos-zulma-prina","status":"publish","type":"page","link":"https:\/\/zulmaprina.com.ar\/web\/papeles-en-blanco-poemas-nuevos-zulma-prina\/","title":{"rendered":"Papeles en Blanco. Poemas Nuevos."},"content":{"rendered":"\t\t<div data-elementor-type=\"wp-page\" data-elementor-id=\"1434\" class=\"elementor elementor-1434\">\n\t\t\t\t\t\t<section class=\"elementor-section elementor-top-section elementor-element elementor-element-df43c8c elementor-section-boxed elementor-section-height-default elementor-section-height-default\" data-id=\"df43c8c\" data-element_type=\"section\" data-e-type=\"section\">\n\t\t\t\t\t\t<div class=\"elementor-container elementor-column-gap-default\">\n\t\t\t\t\t<div class=\"elementor-column elementor-col-100 elementor-top-column elementor-element elementor-element-7871580\" data-id=\"7871580\" data-element_type=\"column\" data-e-type=\"column\">\n\t\t\t<div class=\"elementor-widget-wrap elementor-element-populated\">\n\t\t\t\t\t\t<div class=\"elementor-element elementor-element-98167a7 elementor-widget elementor-widget-heading\" data-id=\"98167a7\" data-element_type=\"widget\" data-e-type=\"widget\" data-widget_type=\"heading.default\">\n\t\t\t\t<div class=\"elementor-widget-container\">\n\t\t\t\t\t<h2 class=\"elementor-heading-title elementor-size-default\">PRESENTACI\u00d3N: Caf\u00e9 Ricardo Piglia, Biblioteca del Congreso de la Naci\u00f3n - 29 de noviembre de 2021<\/h2>\t\t\t\t<\/div>\n\t\t\t\t<\/div>\n\t\t\t\t\t<\/div>\n\t\t<\/div>\n\t\t\t\t\t<\/div>\n\t\t<\/section>\n\t\t\t\t<section class=\"elementor-section elementor-top-section elementor-element elementor-element-e292b4e elementor-section-boxed elementor-section-height-default elementor-section-height-default\" data-id=\"e292b4e\" data-element_type=\"section\" data-e-type=\"section\">\n\t\t\t\t\t\t<div class=\"elementor-container elementor-column-gap-default\">\n\t\t\t\t\t<div class=\"elementor-column elementor-col-100 elementor-top-column elementor-element elementor-element-76aa2d9\" data-id=\"76aa2d9\" data-element_type=\"column\" data-e-type=\"column\">\n\t\t\t<div class=\"elementor-widget-wrap elementor-element-populated\">\n\t\t\t\t\t\t<div class=\"elementor-element elementor-element-87680a4 elementor-widget elementor-widget-text-editor\" data-id=\"87680a4\" data-element_type=\"widget\" data-e-type=\"widget\" data-widget_type=\"text-editor.default\">\n\t\t\t\t<div class=\"elementor-widget-container\">\n\t\t\t\t\t\t\t\t\t<p>Concurrida presentaci\u00f3n del poemario PAPELES EN BLANCO, poemas nuevos; de la autora argentina Zulma Prina.<\/p><p>Con la capacidad que permit\u00eda la situaci\u00f3n sanitaria del pa\u00eds, la autora present\u00f3 su libro junto a las poetas y amigas Cristina Pizarro y Mar\u00eda Fernanda Macimiani.<\/p><p>Con la participaci\u00f3n musical de Pablo Araujo y una banda de excelentes m\u00fasicos que emocionaron al p\u00fablico y muchos amigos de la poes\u00eda.<\/p><p>Tambi\u00e9n Prina present\u00f3 su libro El mestizaje en Am\u00e9rica, Mito y realidad en Jos\u00e9 Mar\u00eda Arguedas que ya fuera presentado antes en forma virtual. Ambos libros est\u00e1n a la venta directa, para lo que pueden contactarse con la autora <a href=\"mailto:zulmaprina@gmail.com\" target=\"_blank\" rel=\"noopener\">zulmaprina@gmail.com<\/a><\/p>\t\t\t\t\t\t\t\t<\/div>\n\t\t\t\t<\/div>\n\t\t\t\t\t<\/div>\n\t\t<\/div>\n\t\t\t\t\t<\/div>\n\t\t<\/section>\n\t\t\t\t<section class=\"elementor-section elementor-top-section elementor-element elementor-element-3699c2c elementor-section-boxed elementor-section-height-default elementor-section-height-default\" data-id=\"3699c2c\" data-element_type=\"section\" data-e-type=\"section\">\n\t\t\t\t\t\t<div class=\"elementor-container elementor-column-gap-default\">\n\t\t\t\t\t<div class=\"elementor-column elementor-col-50 elementor-top-column elementor-element elementor-element-ad7cb92\" data-id=\"ad7cb92\" data-element_type=\"column\" data-e-type=\"column\">\n\t\t\t<div class=\"elementor-widget-wrap elementor-element-populated\">\n\t\t\t\t\t\t<div class=\"elementor-element elementor-element-b3f4938 elementor-widget elementor-widget-wp-widget-media_audio\" data-id=\"b3f4938\" data-element_type=\"widget\" data-e-type=\"widget\" data-widget_type=\"wp-widget-media_audio.default\">\n\t\t\t\t<div class=\"elementor-widget-container\">\n\t\t\t\t\t<h5>Todav\u00eda, poema de Zulma Prina en la voz de Mar\u00eda Fernanda Macimiani<\/h5><audio class=\"wp-audio-shortcode\" id=\"audio-1434-1\" preload=\"none\" style=\"width: 100%;\" controls=\"controls\"><source type=\"audio\/mpeg\" src=\"https:\/\/zulmaprina.com.ar\/web\/wp-content\/uploads\/2022\/02\/todavia-prinamacimiani.mp3?_=1\" \/><source type=\"audio\/mpeg\" src=\"https:\/\/zulmaprina.com.ar\/web\/wp-content\/uploads\/2022\/02\/todavia-prinamacimiani.mp3?_=1\" \/><a href=\"https:\/\/zulmaprina.com.ar\/web\/wp-content\/uploads\/2022\/02\/todavia-prinamacimiani.mp3\">https:\/\/zulmaprina.com.ar\/web\/wp-content\/uploads\/2022\/02\/todavia-prinamacimiani.mp3<\/a><\/audio>\t\t\t\t<\/div>\n\t\t\t\t<\/div>\n\t\t\t\t<div class=\"elementor-element elementor-element-236676d elementor-widget elementor-widget-wp-widget-media_audio\" data-id=\"236676d\" data-element_type=\"widget\" data-e-type=\"widget\" data-widget_type=\"wp-widget-media_audio.default\">\n\t\t\t\t<div class=\"elementor-widget-container\">\n\t\t\t\t\t<h5>En blanco, poema de Zulma Prina en la voz de Mar\u00eda Fernanda Macimiani<\/h5><audio class=\"wp-audio-shortcode\" id=\"audio-1434-2\" preload=\"none\" style=\"width: 100%;\" controls=\"controls\"><source type=\"audio\/mpeg\" src=\"https:\/\/zulmaprina.com.ar\/web\/wp-content\/uploads\/2022\/02\/enblanco-prina-macimiani.mp3?_=2\" \/><source type=\"audio\/mpeg\" src=\"https:\/\/zulmaprina.com.ar\/web\/wp-content\/uploads\/2022\/02\/enblanco-prina-macimiani.mp3?_=2\" \/><a href=\"https:\/\/zulmaprina.com.ar\/web\/wp-content\/uploads\/2022\/02\/enblanco-prina-macimiani.mp3\">https:\/\/zulmaprina.com.ar\/web\/wp-content\/uploads\/2022\/02\/enblanco-prina-macimiani.mp3<\/a><\/audio>\t\t\t\t<\/div>\n\t\t\t\t<\/div>\n\t\t\t\t<div class=\"elementor-element elementor-element-4c14521 elementor-widget elementor-widget-image\" data-id=\"4c14521\" data-element_type=\"widget\" data-e-type=\"widget\" data-widget_type=\"image.default\">\n\t\t\t\t<div class=\"elementor-widget-container\">\n\t\t\t\t\t\t\t\t\t\t\t\t\t\t\t\t<a href=\"https:\/\/drive.google.com\/file\/d\/11S_vveP09FQGVF6yrOIMJd-wvwwvf8zB\/view\" target=\"_blank\">\n\t\t\t\t\t\t\t<img fetchpriority=\"high\" decoding=\"async\" width=\"640\" height=\"358\" src=\"https:\/\/zulmaprina.com.ar\/web\/wp-content\/uploads\/2021\/06\/planeta-del-arte-zulma-prina-1024x572.jpg\" class=\"attachment-large size-large wp-image-1403\" alt=\"\" srcset=\"https:\/\/zulmaprina.com.ar\/web\/wp-content\/uploads\/2021\/06\/planeta-del-arte-zulma-prina-1024x572.jpg 1024w, https:\/\/zulmaprina.com.ar\/web\/wp-content\/uploads\/2021\/06\/planeta-del-arte-zulma-prina-300x168.jpg 300w, https:\/\/zulmaprina.com.ar\/web\/wp-content\/uploads\/2021\/06\/planeta-del-arte-zulma-prina-768x429.jpg 768w, https:\/\/zulmaprina.com.ar\/web\/wp-content\/uploads\/2021\/06\/planeta-del-arte-zulma-prina.jpg 1292w\" sizes=\"(max-width: 640px) 100vw, 640px\" \/>\t\t\t\t\t\t\t\t<\/a>\n\t\t\t\t\t\t\t\t\t\t\t\t\t\t\t<\/div>\n\t\t\t\t<\/div>\n\t\t\t\t\t<\/div>\n\t\t<\/div>\n\t\t\t\t<div class=\"elementor-column elementor-col-50 elementor-top-column elementor-element elementor-element-de46da8\" data-id=\"de46da8\" data-element_type=\"column\" data-e-type=\"column\">\n\t\t\t<div class=\"elementor-widget-wrap elementor-element-populated\">\n\t\t\t\t\t\t<div class=\"elementor-element elementor-element-5b3653b elementor-widget elementor-widget-image\" data-id=\"5b3653b\" data-element_type=\"widget\" data-e-type=\"widget\" data-widget_type=\"image.default\">\n\t\t\t\t<div class=\"elementor-widget-container\">\n\t\t\t\t\t\t\t\t\t\t\t\t\t\t\t<img decoding=\"async\" width=\"640\" height=\"853\" src=\"https:\/\/zulmaprina.com.ar\/web\/wp-content\/uploads\/2021\/06\/WhatsApp-Image-2021-11-30-at-11.01.58-2-768x1024.jpeg\" class=\"attachment-large size-large wp-image-1408\" alt=\"\" srcset=\"https:\/\/zulmaprina.com.ar\/web\/wp-content\/uploads\/2021\/06\/WhatsApp-Image-2021-11-30-at-11.01.58-2-768x1024.jpeg 768w, https:\/\/zulmaprina.com.ar\/web\/wp-content\/uploads\/2021\/06\/WhatsApp-Image-2021-11-30-at-11.01.58-2-225x300.jpeg 225w, https:\/\/zulmaprina.com.ar\/web\/wp-content\/uploads\/2021\/06\/WhatsApp-Image-2021-11-30-at-11.01.58-2.jpeg 864w\" sizes=\"(max-width: 640px) 100vw, 640px\" \/>\t\t\t\t\t\t\t\t\t\t\t\t\t\t\t<\/div>\n\t\t\t\t<\/div>\n\t\t\t\t\t<\/div>\n\t\t<\/div>\n\t\t\t\t\t<\/div>\n\t\t<\/section>\n\t\t\t\t<section class=\"elementor-section elementor-top-section elementor-element elementor-element-0502bd6 elementor-section-boxed elementor-section-height-default elementor-section-height-default\" data-id=\"0502bd6\" data-element_type=\"section\" data-e-type=\"section\">\n\t\t\t\t\t\t<div class=\"elementor-container elementor-column-gap-default\">\n\t\t\t\t\t<div class=\"elementor-column elementor-col-100 elementor-top-column elementor-element elementor-element-1ffb786\" data-id=\"1ffb786\" data-element_type=\"column\" data-e-type=\"column\">\n\t\t\t<div class=\"elementor-widget-wrap elementor-element-populated\">\n\t\t\t\t\t\t<div class=\"elementor-element elementor-element-0f4f571 elementor-widget elementor-widget-image\" data-id=\"0f4f571\" data-element_type=\"widget\" data-e-type=\"widget\" data-widget_type=\"image.default\">\n\t\t\t\t<div class=\"elementor-widget-container\">\n\t\t\t\t\t\t\t\t\t\t\t\t\t\t\t\t<a href=\"https:\/\/zulmaprina.com.ar\/web\/wp-content\/uploads\/2021\/06\/flyer-presentacion-bar-piglia-noviembre.jpg\" data-elementor-open-lightbox=\"yes\" data-elementor-lightbox-title=\"flyer-presentacion-bar-piglia-noviembre\" data-e-action-hash=\"#elementor-action%3Aaction%3Dlightbox%26settings%3DeyJpZCI6MTQwNywidXJsIjoiaHR0cHM6XC9cL3p1bG1hcHJpbmEuY29tLmFyXC93ZWJcL3dwLWNvbnRlbnRcL3VwbG9hZHNcLzIwMjFcLzA2XC9mbHllci1wcmVzZW50YWNpb24tYmFyLXBpZ2xpYS1ub3ZpZW1icmUuanBnIn0%3D\">\n\t\t\t\t\t\t\t<img decoding=\"async\" width=\"1024\" height=\"768\" src=\"https:\/\/zulmaprina.com.ar\/web\/wp-content\/uploads\/2021\/06\/flyer-presentacion-bar-piglia-noviembre.jpg\" class=\"attachment-full size-full wp-image-1407\" alt=\"\" srcset=\"https:\/\/zulmaprina.com.ar\/web\/wp-content\/uploads\/2021\/06\/flyer-presentacion-bar-piglia-noviembre.jpg 1024w, https:\/\/zulmaprina.com.ar\/web\/wp-content\/uploads\/2021\/06\/flyer-presentacion-bar-piglia-noviembre-300x225.jpg 300w, https:\/\/zulmaprina.com.ar\/web\/wp-content\/uploads\/2021\/06\/flyer-presentacion-bar-piglia-noviembre-768x576.jpg 768w\" sizes=\"(max-width: 1024px) 100vw, 1024px\" \/>\t\t\t\t\t\t\t\t<\/a>\n\t\t\t\t\t\t\t\t\t\t\t\t\t\t\t<\/div>\n\t\t\t\t<\/div>\n\t\t\t\t\t<\/div>\n\t\t<\/div>\n\t\t\t\t\t<\/div>\n\t\t<\/section>\n\t\t\t\t<section class=\"elementor-section elementor-top-section elementor-element elementor-element-9d8e125 elementor-section-boxed elementor-section-height-default elementor-section-height-default\" data-id=\"9d8e125\" data-element_type=\"section\" data-e-type=\"section\">\n\t\t\t\t\t\t<div class=\"elementor-container elementor-column-gap-default\">\n\t\t\t\t\t<div class=\"elementor-column elementor-col-100 elementor-top-column elementor-element elementor-element-4095a2f\" data-id=\"4095a2f\" data-element_type=\"column\" data-e-type=\"column\">\n\t\t\t<div class=\"elementor-widget-wrap elementor-element-populated\">\n\t\t\t\t\t\t<div class=\"elementor-element elementor-element-1e5bcb8 elementor-widget elementor-widget-heading\" data-id=\"1e5bcb8\" data-element_type=\"widget\" data-e-type=\"widget\" data-widget_type=\"heading.default\">\n\t\t\t\t<div class=\"elementor-widget-container\">\n\t\t\t\t\t<h2 class=\"elementor-heading-title elementor-size-default\">Tapa y contratapa de Papeles en blanco<\/h2>\t\t\t\t<\/div>\n\t\t\t\t<\/div>\n\t\t\t\t\t<\/div>\n\t\t<\/div>\n\t\t\t\t\t<\/div>\n\t\t<\/section>\n\t\t\t\t<section class=\"elementor-section elementor-top-section elementor-element elementor-element-2eb7e17 elementor-section-boxed elementor-section-height-default elementor-section-height-default\" data-id=\"2eb7e17\" data-element_type=\"section\" data-e-type=\"section\">\n\t\t\t\t\t\t<div class=\"elementor-container elementor-column-gap-default\">\n\t\t\t\t\t<div class=\"elementor-column elementor-col-50 elementor-top-column elementor-element elementor-element-af0bb13\" data-id=\"af0bb13\" data-element_type=\"column\" data-e-type=\"column\">\n\t\t\t<div class=\"elementor-widget-wrap elementor-element-populated\">\n\t\t\t\t\t\t<div class=\"elementor-element elementor-element-b685ff2 elementor-widget elementor-widget-image\" data-id=\"b685ff2\" data-element_type=\"widget\" data-e-type=\"widget\" data-widget_type=\"image.default\">\n\t\t\t\t<div class=\"elementor-widget-container\">\n\t\t\t\t\t\t\t\t\t\t\t\t\t\t\t\t<a href=\"https:\/\/zulmaprina.com.ar\/web\/wp-content\/uploads\/2022\/02\/tapa-papelesenblanco.jpg\" data-elementor-open-lightbox=\"yes\" data-e-action-hash=\"#elementor-action%3Aaction%3Dlightbox%26settings%3DeyJpZCI6MTQ1MCwidXJsIjoiaHR0cHM6XC9cL3p1bG1hcHJpbmEuY29tLmFyXC93ZWJcL3dwLWNvbnRlbnRcL3VwbG9hZHNcLzIwMjJcLzAyXC90YXBhLXBhcGVsZXNlbmJsYW5jby5qcGcifQ%3D%3D\">\n\t\t\t\t\t\t\t<img loading=\"lazy\" decoding=\"async\" width=\"1691\" height=\"2404\" src=\"https:\/\/zulmaprina.com.ar\/web\/wp-content\/uploads\/2022\/02\/tapa-papelesenblanco.jpg\" class=\"attachment-full size-full wp-image-1450\" alt=\"\" srcset=\"https:\/\/zulmaprina.com.ar\/web\/wp-content\/uploads\/2022\/02\/tapa-papelesenblanco.jpg 1691w, https:\/\/zulmaprina.com.ar\/web\/wp-content\/uploads\/2022\/02\/tapa-papelesenblanco-211x300.jpg 211w, https:\/\/zulmaprina.com.ar\/web\/wp-content\/uploads\/2022\/02\/tapa-papelesenblanco-720x1024.jpg 720w, https:\/\/zulmaprina.com.ar\/web\/wp-content\/uploads\/2022\/02\/tapa-papelesenblanco-768x1092.jpg 768w, https:\/\/zulmaprina.com.ar\/web\/wp-content\/uploads\/2022\/02\/tapa-papelesenblanco-1080x1536.jpg 1080w, https:\/\/zulmaprina.com.ar\/web\/wp-content\/uploads\/2022\/02\/tapa-papelesenblanco-1441x2048.jpg 1441w\" sizes=\"(max-width: 1691px) 100vw, 1691px\" \/>\t\t\t\t\t\t\t\t<\/a>\n\t\t\t\t\t\t\t\t\t\t\t\t\t\t\t<\/div>\n\t\t\t\t<\/div>\n\t\t\t\t\t<\/div>\n\t\t<\/div>\n\t\t\t\t<div class=\"elementor-column elementor-col-50 elementor-top-column elementor-element elementor-element-6fb76bd\" data-id=\"6fb76bd\" data-element_type=\"column\" data-e-type=\"column\">\n\t\t\t<div class=\"elementor-widget-wrap elementor-element-populated\">\n\t\t\t\t\t\t<div class=\"elementor-element elementor-element-f1334f6 elementor-widget elementor-widget-image\" data-id=\"f1334f6\" data-element_type=\"widget\" data-e-type=\"widget\" data-widget_type=\"image.default\">\n\t\t\t\t<div class=\"elementor-widget-container\">\n\t\t\t\t\t\t\t\t\t\t\t\t\t\t\t\t<a href=\"https:\/\/zulmaprina.com.ar\/web\/wp-content\/uploads\/2022\/02\/contratapa1.jpg\" data-elementor-open-lightbox=\"yes\" data-e-action-hash=\"#elementor-action%3Aaction%3Dlightbox%26settings%3DeyJpZCI6MTQ1MSwidXJsIjoiaHR0cHM6XC9cL3p1bG1hcHJpbmEuY29tLmFyXC93ZWJcL3dwLWNvbnRlbnRcL3VwbG9hZHNcLzIwMjJcLzAyXC9jb250cmF0YXBhMS5qcGcifQ%3D%3D\">\n\t\t\t\t\t\t\t<img loading=\"lazy\" decoding=\"async\" width=\"1632\" height=\"1333\" src=\"https:\/\/zulmaprina.com.ar\/web\/wp-content\/uploads\/2022\/02\/contratapa1.jpg\" class=\"attachment-full size-full wp-image-1451\" alt=\"\" srcset=\"https:\/\/zulmaprina.com.ar\/web\/wp-content\/uploads\/2022\/02\/contratapa1.jpg 1632w, https:\/\/zulmaprina.com.ar\/web\/wp-content\/uploads\/2022\/02\/contratapa1-300x245.jpg 300w, https:\/\/zulmaprina.com.ar\/web\/wp-content\/uploads\/2022\/02\/contratapa1-1024x836.jpg 1024w, https:\/\/zulmaprina.com.ar\/web\/wp-content\/uploads\/2022\/02\/contratapa1-768x627.jpg 768w, https:\/\/zulmaprina.com.ar\/web\/wp-content\/uploads\/2022\/02\/contratapa1-1536x1255.jpg 1536w\" sizes=\"(max-width: 1632px) 100vw, 1632px\" \/>\t\t\t\t\t\t\t\t<\/a>\n\t\t\t\t\t\t\t\t\t\t\t\t\t\t\t<\/div>\n\t\t\t\t<\/div>\n\t\t\t\t<div class=\"elementor-element elementor-element-c38c651 elementor-widget elementor-widget-image\" data-id=\"c38c651\" data-element_type=\"widget\" data-e-type=\"widget\" data-widget_type=\"image.default\">\n\t\t\t\t<div class=\"elementor-widget-container\">\n\t\t\t\t\t\t\t\t\t\t\t\t\t\t\t\t<a href=\"https:\/\/zulmaprina.com.ar\/web\/wp-content\/uploads\/2022\/02\/contratapa2.jpg\" data-elementor-open-lightbox=\"yes\" data-e-action-hash=\"#elementor-action%3Aaction%3Dlightbox%26settings%3DeyJpZCI6MTQ1MiwidXJsIjoiaHR0cHM6XC9cL3p1bG1hcHJpbmEuY29tLmFyXC93ZWJcL3dwLWNvbnRlbnRcL3VwbG9hZHNcLzIwMjJcLzAyXC9jb250cmF0YXBhMi5qcGcifQ%3D%3D\">\n\t\t\t\t\t\t\t<img loading=\"lazy\" decoding=\"async\" width=\"1636\" height=\"1017\" src=\"https:\/\/zulmaprina.com.ar\/web\/wp-content\/uploads\/2022\/02\/contratapa2.jpg\" class=\"attachment-full size-full wp-image-1452\" alt=\"\" srcset=\"https:\/\/zulmaprina.com.ar\/web\/wp-content\/uploads\/2022\/02\/contratapa2.jpg 1636w, https:\/\/zulmaprina.com.ar\/web\/wp-content\/uploads\/2022\/02\/contratapa2-300x186.jpg 300w, https:\/\/zulmaprina.com.ar\/web\/wp-content\/uploads\/2022\/02\/contratapa2-1024x637.jpg 1024w, https:\/\/zulmaprina.com.ar\/web\/wp-content\/uploads\/2022\/02\/contratapa2-768x477.jpg 768w, https:\/\/zulmaprina.com.ar\/web\/wp-content\/uploads\/2022\/02\/contratapa2-1536x955.jpg 1536w\" sizes=\"(max-width: 1636px) 100vw, 1636px\" \/>\t\t\t\t\t\t\t\t<\/a>\n\t\t\t\t\t\t\t\t\t\t\t\t\t\t\t<\/div>\n\t\t\t\t<\/div>\n\t\t\t\t\t<\/div>\n\t\t<\/div>\n\t\t\t\t\t<\/div>\n\t\t<\/section>\n\t\t\t\t<\/div>\n\t\t","protected":false},"excerpt":{"rendered":"<p>PRESENTACI\u00d3N: Caf\u00e9 Ricardo Piglia, Biblioteca del Congreso de la Naci\u00f3n &#8211; 29 de noviembre de 2021 Concurrida presentaci\u00f3n del poemario PAPELES EN BLANCO, poemas nuevos; de la autora argentina Zulma Prina. Con la capacidad que permit\u00eda la situaci\u00f3n sanitaria del pa\u00eds, la autora present\u00f3 su libro junto a las poetas y amigas Cristina Pizarro y [&hellip;]<\/p>\n","protected":false},"author":1,"featured_media":0,"parent":0,"menu_order":0,"comment_status":"closed","ping_status":"closed","template":"","meta":{"footnotes":""},"class_list":["post-1434","page","type-page","status-publish","hentry"],"_links":{"self":[{"href":"https:\/\/zulmaprina.com.ar\/web\/wp-json\/wp\/v2\/pages\/1434","targetHints":{"allow":["GET"]}}],"collection":[{"href":"https:\/\/zulmaprina.com.ar\/web\/wp-json\/wp\/v2\/pages"}],"about":[{"href":"https:\/\/zulmaprina.com.ar\/web\/wp-json\/wp\/v2\/types\/page"}],"author":[{"embeddable":true,"href":"https:\/\/zulmaprina.com.ar\/web\/wp-json\/wp\/v2\/users\/1"}],"replies":[{"embeddable":true,"href":"https:\/\/zulmaprina.com.ar\/web\/wp-json\/wp\/v2\/comments?post=1434"}],"version-history":[{"count":14,"href":"https:\/\/zulmaprina.com.ar\/web\/wp-json\/wp\/v2\/pages\/1434\/revisions"}],"predecessor-version":[{"id":1455,"href":"https:\/\/zulmaprina.com.ar\/web\/wp-json\/wp\/v2\/pages\/1434\/revisions\/1455"}],"wp:attachment":[{"href":"https:\/\/zulmaprina.com.ar\/web\/wp-json\/wp\/v2\/media?parent=1434"}],"curies":[{"name":"wp","href":"https:\/\/api.w.org\/{rel}","templated":true}]}}